{"id":29,"date":"2026-02-16T03:10:09","date_gmt":"2026-02-16T03:10:09","guid":{"rendered":"https:\/\/www.retenedlobueno.org\/home\/"},"modified":"2026-03-01T17:39:18","modified_gmt":"2026-03-01T21:39:18","slug":"home","status":"publish","type":"page","link":"https:\/\/www.retenedlobueno.org\/en\/","title":{"rendered":"Home"},"content":{"rendered":"<div class=\"wp-block-group alignfull is-style-ext-preset--group--natural-1--section has-background-background-color has-background has-global-padding is-layout-constrained wp-container-core-group-is-layout-ebc3d855 wp-block-group-is-layout-constrained\" style=\"margin-top:0;margin-bottom:0;padding-top:0;padding-bottom:var(--wp--preset--spacing--70)\">\n<div class=\"wp-block-cover alignfull\" style=\"min-height:25vh;aspect-ratio:unset;\"><img loading=\"lazy\" decoding=\"async\" width=\"1440\" height=\"1080\" class=\"wp-block-cover__image-background wp-image-59\" alt=\"\" src=\"https:\/\/www.retenedlobueno.org\/wp-content\/uploads\/2026\/02\/41726c798139d8418fb9a539b1a500ca56c40d07.jpg\" data-object-fit=\"cover\" srcset=\"https:\/\/www.retenedlobueno.org\/wp-content\/uploads\/2026\/02\/41726c798139d8418fb9a539b1a500ca56c40d07.jpg 1440w, https:\/\/www.retenedlobueno.org\/wp-content\/uploads\/2026\/02\/41726c798139d8418fb9a539b1a500ca56c40d07-300x225.jpg 300w, https:\/\/www.retenedlobueno.org\/wp-content\/uploads\/2026\/02\/41726c798139d8418fb9a539b1a500ca56c40d07-1024x768.jpg 1024w, https:\/\/www.retenedlobueno.org\/wp-content\/uploads\/2026\/02\/41726c798139d8418fb9a539b1a500ca56c40d07-768x576.jpg 768w, https:\/\/www.retenedlobueno.org\/wp-content\/uploads\/2026\/02\/41726c798139d8418fb9a539b1a500ca56c40d07-16x12.jpg 16w\" sizes=\"auto, (max-width: 1440px) 100vw, 1440px\" \/><span aria-hidden=\"true\" class=\"wp-block-cover__background has-background-dim-0 has-background-dim\"><\/span><div class=\"wp-block-cover__inner-container is-layout-flow wp-block-cover-is-layout-flow\">\n<div style=\"height:260px\" aria-hidden=\"true\" class=\"wp-block-spacer\"><\/div>\n<\/div><\/div>\n\n\n\n<div class=\"wp-block-group alignwide is-vertical is-content-justification-center is-layout-flex wp-container-core-group-is-layout-c9ee0c5a wp-block-group-is-layout-flex\">\n<div class=\"wp-block-group has-global-padding is-layout-constrained wp-container-core-group-is-layout-2287c683 wp-block-group-is-layout-constrained\">\n<h1 class=\"wp-block-heading alignwide has-text-align-center\">Firmes en la Palabra de Dios en todo momento<\/h1>\n\n\n\n<p class=\"has-text-align-center\">Encuentra ense\u00f1anzas y mensajes basados \u200b\u200b\u200b\u200ben la Biblia, que nutrir\u00e1n su fe y fomentar\u00e1n el crecimiento espiritual, que proporcionan una base doctrinal b\u00edblica sin concesiones.<\/p>\n<\/div>\n\n\n\n<div class=\"wp-block-buttons is-content-justification-center is-layout-flex wp-container-core-buttons-is-layout-a89b3969 wp-block-buttons-is-layout-flex\">\n<div class=\"wp-block-button is-style-ext-preset--button--natural-1--button-1 is-style-ext-preset--button--natural-1--button-1--2\"><a class=\"wp-block-button__link wp-element-button\">Aprende m\u00e1s<\/a><\/div>\n<\/div>\n<\/div>\n<\/div>\n\n\n\n<div class=\"wp-block-group alignfull is-style-ext-preset--group--natural-1--section has-tertiary-background-color has-background has-global-padding is-layout-constrained wp-block-group-is-layout-constrained\" id=\"about\" style=\"margin-top:0;margin-bottom:0;padding-top:var(--wp--preset--spacing--70);padding-bottom:var(--wp--preset--spacing--70)\">\n<div class=\"wp-block-columns alignwide are-vertically-aligned-center is-layout-flex wp-container-core-columns-is-layout-174606dc wp-block-columns-is-layout-flex\">\n<div class=\"wp-block-column is-vertically-aligned-center is-layout-flow wp-block-column-is-layout-flow\">\n<figure class=\"wp-block-image aligncenter is-resized is-style-ext-preset--image--natural-1--image-1--content-right is-style-ext-preset--image--natural-1--image-1--content-right--4\"><img loading=\"lazy\" decoding=\"async\" width=\"1440\" height=\"961\" src=\"https:\/\/www.retenedlobueno.org\/wp-content\/uploads\/2026\/02\/72d23a2584d5eabb94811db857ae17b26beca3d4.jpg\" alt=\"\" class=\"wp-image-70\" style=\"aspect-ratio:1;object-fit:cover;width:514px;height:auto\" srcset=\"https:\/\/www.retenedlobueno.org\/wp-content\/uploads\/2026\/02\/72d23a2584d5eabb94811db857ae17b26beca3d4.jpg 1440w, https:\/\/www.retenedlobueno.org\/wp-content\/uploads\/2026\/02\/72d23a2584d5eabb94811db857ae17b26beca3d4-300x200.jpg 300w, https:\/\/www.retenedlobueno.org\/wp-content\/uploads\/2026\/02\/72d23a2584d5eabb94811db857ae17b26beca3d4-1024x683.jpg 1024w, https:\/\/www.retenedlobueno.org\/wp-content\/uploads\/2026\/02\/72d23a2584d5eabb94811db857ae17b26beca3d4-768x513.jpg 768w, https:\/\/www.retenedlobueno.org\/wp-content\/uploads\/2026\/02\/72d23a2584d5eabb94811db857ae17b26beca3d4-18x12.jpg 18w\" sizes=\"auto, (max-width: 1440px) 100vw, 1440px\" \/><\/figure>\n<\/div>\n\n\n\n<div class=\"wp-block-column is-vertically-aligned-center is-layout-flow wp-block-column-is-layout-flow\">\n<div class=\"wp-block-group alignwide is-vertical is-layout-flex wp-container-core-group-is-layout-c35747d5 wp-block-group-is-layout-flex\">\n<div class=\"wp-block-group has-global-padding is-layout-constrained wp-container-core-group-is-layout-dd32767c wp-block-group-is-layout-constrained\">\n<h2 class=\"wp-block-heading\">Fortaleciendo la fe a trav\u00e9s de la verdad b\u00edblica<\/h2>\n\n\n\n<p>En Retenedlobueno.org procuramos compartir ense\u00f1anzas b\u00edblicamente s\u00f3lidas que inspiren el crecimiento espiritual y animen a los creyentes a mantenerse firmes en la Palabra de Dios.<\/p>\n<\/div>\n<\/div>\n<\/div>\n<\/div>\n<\/div>\n\n\n\n<div class=\"wp-block-group alignfull is-style-ext-preset--group--natural-1--section has-tertiary-background-color has-background has-global-padding is-layout-constrained wp-container-core-group-is-layout-e955bbaf wp-block-group-is-layout-constrained\" style=\"margin-top:0;margin-bottom:0;padding-top:var(--wp--preset--spacing--70);padding-bottom:var(--wp--preset--spacing--70)\">\n<div class=\"wp-block-media-text alignwide is-stacked-on-mobile is-image-fill-element is-style-ext-preset--media-text--natural-1--card-1 has-background-background-color has-background is-style-ext-preset--media-text--natural-1--card-1--6\"><figure class=\"wp-block-media-text__media\"><img loading=\"lazy\" decoding=\"async\" width=\"1024\" height=\"687\" src=\"https:\/\/www.retenedlobueno.org\/wp-content\/uploads\/2026\/02\/Estudio-biblico-dagm-GCI-nologo-1024x687.jpg\" alt=\"\" class=\"wp-image-123 size-full\" style=\"object-position:50% 50%\" srcset=\"https:\/\/www.retenedlobueno.org\/wp-content\/uploads\/2026\/02\/Estudio-biblico-dagm-GCI-nologo-1024x687.jpg 1024w, https:\/\/www.retenedlobueno.org\/wp-content\/uploads\/2026\/02\/Estudio-biblico-dagm-GCI-nologo-300x201.jpg 300w, https:\/\/www.retenedlobueno.org\/wp-content\/uploads\/2026\/02\/Estudio-biblico-dagm-GCI-nologo-768x515.jpg 768w, https:\/\/www.retenedlobueno.org\/wp-content\/uploads\/2026\/02\/Estudio-biblico-dagm-GCI-nologo-1536x1030.jpg 1536w, https:\/\/www.retenedlobueno.org\/wp-content\/uploads\/2026\/02\/Estudio-biblico-dagm-GCI-nologo-2048x1374.jpg 2048w, https:\/\/www.retenedlobueno.org\/wp-content\/uploads\/2026\/02\/Estudio-biblico-dagm-GCI-nologo-18x12.jpg 18w\" sizes=\"auto, (max-width: 1024px) 100vw, 1024px\" \/><\/figure><div class=\"wp-block-media-text__content\">\n<div class=\"wp-block-group alignwide is-vertical is-layout-flex wp-container-core-group-is-layout-53474e87 wp-block-group-is-layout-flex\" style=\"padding-top:var(--wp--preset--spacing--60);padding-bottom:var(--wp--preset--spacing--60)\">\n<div class=\"wp-block-group has-global-padding is-layout-constrained wp-container-core-group-is-layout-812d5580 wp-block-group-is-layout-constrained\" style=\"padding-top:0;padding-right:0;padding-bottom:0;padding-left:0\">\n<h2 class=\"wp-block-heading\">Un\u00e1nimes, sintiendo una misma cosa.<\/h2>\n\n\n\n<p class=\"has-text-align-right\">Filipenses 2:2<\/p>\n\n\n\n<p>\u00danete a nuestra comunidad digital para recibir ense\u00f1anzas basadas en la Biblia que inspiren y fortalezcan tu fe en Cristo Jes\u00fas. <\/p>\n<\/div>\n\n\n\n<div class=\"wp-block-buttons is-layout-flex wp-block-buttons-is-layout-flex\">\n<div class=\"wp-block-button is-style-ext-preset--button--natural-1--button-1 is-style-ext-preset--button--natural-1--button-1--7\"><a class=\"wp-block-button__link wp-element-button\">Aprende m\u00e1s<\/a><\/div>\n<\/div>\n<\/div>\n<\/div><\/div>\n<\/div>\n\n\n\n<div class=\"wp-block-group alignfull is-style-ext-preset--group--natural-1--section has-background-background-color has-background has-global-padding is-layout-constrained wp-container-core-group-is-layout-e955bbaf wp-block-group-is-layout-constrained\" id=\"resources\" style=\"margin-top:0;margin-bottom:0;padding-top:var(--wp--preset--spacing--70);padding-bottom:var(--wp--preset--spacing--70)\">\n<div class=\"wp-block-group alignwide is-vertical is-layout-flex wp-container-core-group-is-layout-c35747d5 wp-block-group-is-layout-flex\">\n<div class=\"wp-block-group has-global-padding is-layout-constrained wp-container-core-group-is-layout-5e05634a wp-block-group-is-layout-constrained\">\n<h2 class=\"wp-block-heading\">Cursos y talleres acreditados<\/h2>\n\n\n\n<p>Descubre con nosotros recursos que te ayudar\u00e1n a comprender mejor las Escrituras <\/p>\n<\/div>\n<\/div>\n\n\n\n<div class=\"wp-block-columns alignwide is-layout-flex wp-container-core-columns-is-layout-08c01c1c wp-block-columns-is-layout-flex\">\n<div class=\"wp-block-column is-vertically-aligned-stretch is-layout-flow wp-container-core-column-is-layout-f5bb311e wp-block-column-is-layout-flow\">\n<div class=\"wp-block-group is-style-ext-preset--group--natural-1--item-card-1--align-start has-global-padding is-layout-constrained wp-block-group-is-layout-constrained is-style-ext-preset--group--natural-1--item-card-1--align-start--9\">\n<div class=\"wp-block-group is-style-default has-global-padding is-layout-constrained wp-block-group-is-layout-constrained\">\n<figure class=\"wp-block-image size-large ext-aspect-landscape wp-duotone-primary-foreground\"><img decoding=\"async\" src=\"data:image\/svg+xml;base64,PHN2ZyB4bWxucz0iaHR0cDovL3d3dy53My5vcmcvMjAwMC9zdmciIHdpZHRoPSI0OCIgaGVpZ2h0PSI0OCIgZmlsbD0iIzAwMDAwMCIgdmlld0JveD0iMCAwIDI1NiAyNTYiPjxwYXRoIGQ9Ik0xNzIsNzZhNDQsNDQsMCwxLDAtNDQsNDRBNDQuMDUsNDQuMDUsMCwwLDAsMTcyLDc2Wm0tNDQsMjhhMjgsMjgsMCwxLDEsMjgtMjhBMjgsMjgsMCwwLDEsMTI4LDEwNFptNjAsMjRhNDQsNDQsMCwxLDAsNDQsNDRBNDQuMDUsNDQuMDUsMCwwLDAsMTg4LDEyOFptMCw3MmEyOCwyOCwwLDEsMSwyOC0yOEEyOCwyOCwwLDAsMSwxODgsMjAwWk02OCwxMjhhNDQsNDQsMCwxLDAsNDQsNDRBNDQuMDUsNDQuMDUsMCwwLDAsNjgsMTI4Wm0wLDcyYTI4LDI4LDAsMSwxLDI4LTI4QTI4LDI4LDAsMCwxLDY4LDIwMFoiPjwvcGF0aD48L3N2Zz4=\" alt=\"\" style=\"object-fit:cover\"\/><\/figure>\n\n\n\n<h3 class=\"wp-block-heading\">Curso de Historia del Antiguo Testamento<\/h3>\n\n\n\n<p>Un viaje hist\u00f3rico desde la creaci\u00f3n hasta el final del per\u00edodo de los profetas.<\/p>\n\n\n\n<div class=\"wp-block-buttons is-layout-flex wp-block-buttons-is-layout-flex\">\n<div class=\"wp-block-button is-style-ext-preset--button--natural-1--button-1 is-style-ext-preset--button--natural-1--button-1--10\"><a class=\"wp-block-button__link wp-element-button\">M\u00e1s informaci\u00f3n<\/a><\/div>\n<\/div>\n<\/div>\n<\/div>\n<\/div>\n\n\n\n<div class=\"wp-block-column is-vertically-aligned-stretch is-layout-flow wp-container-core-column-is-layout-f5bb311e wp-block-column-is-layout-flow\">\n<div class=\"wp-block-group is-style-ext-preset--group--natural-1--item-card-1--align-start has-global-padding is-layout-constrained wp-block-group-is-layout-constrained is-style-ext-preset--group--natural-1--item-card-1--align-start--11\">\n<div class=\"wp-block-group is-style-default has-global-padding is-layout-constrained wp-block-group-is-layout-constrained\">\n<figure class=\"wp-block-image size-large ext-aspect-landscape wp-duotone-primary-foreground\"><img decoding=\"async\" src=\"data:image\/svg+xml;base64,PHN2ZyB4bWxucz0iaHR0cDovL3d3dy53My5vcmcvMjAwMC9zdmciIHdpZHRoPSI0OCIgaGVpZ2h0PSI0OCIgZmlsbD0iIzAwMDAwMCIgdmlld0JveD0iMCAwIDI1NiAyNTYiPjxwYXRoIGQ9Ik04MCw0MGE0MCw0MCwwLDEsMCw0MCw0MEE0MCw0MCwwLDAsMCw4MCw0MFptMCw2NGEyNCwyNCwwLDEsMSwyNC0yNEEyNCwyNCwwLDAsMSw4MCwxMDRabTk2LDE2YTQwLDQwLDAsMSwwLTQwLTQwQTQwLDQwLDAsMCwwLDE3NiwxMjBabTAtNjRhMjQsMjQsMCwxLDEtMjQsMjRBMjQsMjQsMCwwLDEsMTc2LDU2Wk04MCwxMzZhNDAsNDAsMCwxLDAsNDAsNDBBNDAsNDAsMCwwLDAsODAsMTM2Wm0wLDY0YTI0LDI0LDAsMSwxLDI0LTI0QTI0LDI0LDAsMCwxLDgwLDIwMFptOTYtNjRhNDAsNDAsMCwxLDAsNDAsNDBBNDAsNDAsMCwwLDAsMTc2LDEzNlptMCw2NGEyNCwyNCwwLDEsMSwyNC0yNEEyNCwyNCwwLDAsMSwxNzYsMjAwWiI+PC9wYXRoPjwvc3ZnPg==\" alt=\"\" style=\"object-fit:cover\"\/><\/figure>\n\n\n\n<h3 class=\"wp-block-heading\">Curso de Historia del Nuevo Testamento<\/h3>\n\n\n\n<p>Contin\u00faa el viaje desde el inicio del per\u00edodo intertestamentario hasta la escritura del Apocalipsis.<\/p>\n\n\n\n<div class=\"wp-block-buttons is-layout-flex wp-block-buttons-is-layout-flex\">\n<div class=\"wp-block-button is-style-ext-preset--button--natural-1--button-1 is-style-ext-preset--button--natural-1--button-1--12\"><a class=\"wp-block-button__link wp-element-button\">M\u00e1s informaci\u00f3n<\/a><\/div>\n<\/div>\n<\/div>\n<\/div>\n<\/div>\n\n\n\n<div class=\"wp-block-column is-vertically-aligned-stretch is-layout-flow wp-container-core-column-is-layout-f5bb311e wp-block-column-is-layout-flow\">\n<div class=\"wp-block-group is-style-ext-preset--group--natural-1--item-card-1--align-start has-global-padding is-layout-constrained wp-block-group-is-layout-constrained is-style-ext-preset--group--natural-1--item-card-1--align-start--13\">\n<div class=\"wp-block-group is-style-default has-global-padding is-layout-constrained wp-block-group-is-layout-constrained\">\n<figure class=\"wp-block-image size-large ext-aspect-landscape wp-duotone-primary-foreground\"><img decoding=\"async\" src=\"data:image\/svg+xml;base64,PHN2ZyB4bWxucz0iaHR0cDovL3d3dy53My5vcmcvMjAwMC9zdmciIHdpZHRoPSI0OCIgaGVpZ2h0PSI0OCIgZmlsbD0iIzAwMDAwMCIgdmlld0JveD0iMCAwIDI1NiAyNTYiPjxwYXRoIGQ9Ik04MCw0MGE0MCw0MCwwLDEsMCw0MCw0MEE0MCw0MCwwLDAsMCw4MCw0MFptMCw2NGEyNCwyNCwwLDEsMSwyNC0yNEEyNCwyNCwwLDAsMSw4MCwxMDRabTk2LDE2YTQwLDQwLDAsMSwwLTQwLTQwQTQwLDQwLDAsMCwwLDE3NiwxMjBabTAtNjRhMjQsMjQsMCwxLDEtMjQsMjRBMjQsMjQsMCwwLDEsMTc2LDU2Wk04MCwxMzZhNDAsNDAsMCwxLDAsNDAsNDBBNDAsNDAsMCwwLDAsODAsMTM2Wm0wLDY0YTI0LDI0LDAsMSwxLDI0LTI0QTI0LDI0LDAsMCwxLDgwLDIwMFptMTM2LTI0YTgsOCwwLDAsMS04LDhIMTg0djI0YTgsOCwwLDAsMS0xNiwwVjE4NEgxNDRhOCw4LDAsMCwxLDAtMTZoMjRWMTQ0YTgsOCwwLDAsMSwxNiwwdjI0aDI0QTgsOCwwLDAsMSwyMTYsMTc2WiI+PC9wYXRoPjwvc3ZnPg==\" alt=\"\" style=\"object-fit:cover\"\/><\/figure>\n\n\n\n<h3 class=\"wp-block-heading\">Curso de Historia de la Iglesia<\/h3>\n\n\n\n<p>Cierra el viaje con la fundaci\u00f3n de la Iglesia en Pentecost\u00e9s hasta nuestros d\u00edas, viendo como la gracia de Dios se ha derramado sobre la humanidad durante 21 siglos.<\/p>\n\n\n\n<div class=\"wp-block-buttons is-layout-flex wp-block-buttons-is-layout-flex\">\n<div class=\"wp-block-button is-style-ext-preset--button--natural-1--button-1 is-style-ext-preset--button--natural-1--button-1--14\"><a class=\"wp-block-button__link wp-element-button\">M\u00e1s informaci\u00f3n<\/a><\/div>\n<\/div>\n<\/div>\n<\/div>\n<\/div>\n<\/div>\n<\/div>\n\n\n\n<div class=\"wp-block-group alignfull is-style-ext-preset--group--natural-1--section has-tertiary-background-color has-background has-global-padding is-layout-constrained wp-block-group-is-layout-constrained\" id=\"contact\" style=\"margin-top:0;margin-bottom:0;padding-top:var(--wp--preset--spacing--70);padding-bottom:var(--wp--preset--spacing--70)\">\n<div class=\"wp-block-media-text alignwide is-stacked-on-mobile is-image-fill-element is-style-ext-preset--media-text--natural-1--card-1 has-background-background-color has-background is-style-ext-preset--media-text--natural-1--card-1--16\" style=\"grid-template-columns:46% auto\"><figure class=\"wp-block-media-text__media\"><img loading=\"lazy\" decoding=\"async\" width=\"1440\" height=\"1080\" src=\"https:\/\/www.retenedlobueno.org\/wp-content\/uploads\/2026\/02\/0333d15f62fc10f97acefe6deb04bc60ae251727.jpg\" alt=\"\" class=\"wp-image-63 size-full\" style=\"object-position:50% 50%\" srcset=\"https:\/\/www.retenedlobueno.org\/wp-content\/uploads\/2026\/02\/0333d15f62fc10f97acefe6deb04bc60ae251727.jpg 1440w, https:\/\/www.retenedlobueno.org\/wp-content\/uploads\/2026\/02\/0333d15f62fc10f97acefe6deb04bc60ae251727-300x225.jpg 300w, https:\/\/www.retenedlobueno.org\/wp-content\/uploads\/2026\/02\/0333d15f62fc10f97acefe6deb04bc60ae251727-1024x768.jpg 1024w, https:\/\/www.retenedlobueno.org\/wp-content\/uploads\/2026\/02\/0333d15f62fc10f97acefe6deb04bc60ae251727-768x576.jpg 768w, https:\/\/www.retenedlobueno.org\/wp-content\/uploads\/2026\/02\/0333d15f62fc10f97acefe6deb04bc60ae251727-16x12.jpg 16w\" sizes=\"auto, (max-width: 1440px) 100vw, 1440px\" \/><\/figure><div class=\"wp-block-media-text__content\">\n<div class=\"wp-block-group alignwide has-global-padding is-layout-constrained wp-container-core-group-is-layout-48493932 wp-block-group-is-layout-constrained\" style=\"padding-top:var(--wp--preset--spacing--55);padding-right:var(--wp--preset--spacing--55);padding-bottom:var(--wp--preset--spacing--55);padding-left:var(--wp--preset--spacing--55)\">\n<p>\u00bfQuieres comunicarte con nosotros? Escr\u00edbenos por WhatsApp:<\/p>\n\n\n\n<figure class=\"wp-block-image size-full\"><a href=\"https:\/\/wa.me\/584261064395\"><img loading=\"lazy\" decoding=\"async\" width=\"930\" height=\"190\" src=\"https:\/\/www.retenedlobueno.org\/wp-content\/uploads\/2026\/02\/RLB-Boton-WhatsApp.png\" alt=\"Bot\u00f3n WhatsApp\" class=\"wp-image-109\" srcset=\"https:\/\/www.retenedlobueno.org\/wp-content\/uploads\/2026\/02\/RLB-Boton-WhatsApp.png 930w, https:\/\/www.retenedlobueno.org\/wp-content\/uploads\/2026\/02\/RLB-Boton-WhatsApp-300x61.png 300w, https:\/\/www.retenedlobueno.org\/wp-content\/uploads\/2026\/02\/RLB-Boton-WhatsApp-768x157.png 768w, https:\/\/www.retenedlobueno.org\/wp-content\/uploads\/2026\/02\/RLB-Boton-WhatsApp-18x4.png 18w\" sizes=\"auto, (max-width: 930px) 100vw, 930px\" \/><\/a><\/figure>\n<\/div>\n<\/div><\/div>\n<\/div>","protected":false},"excerpt":{"rendered":"<p>Firmes en la Palabra de Dios en todo momento Encuentra ense\u00f1anzas y mensajes basados \u200b\u200b\u200b\u200ben la Biblia, que nutrir\u00e1n su fe y fomentar\u00e1n el crecimiento espiritual, que proporcionan una base doctrinal b\u00edblica sin concesiones. Fortaleciendo la fe a trav\u00e9s de la verdad b\u00edblica En Retenedlobueno.org procuramos compartir ense\u00f1anzas b\u00edblicamente s\u00f3lidas que inspiren el crecimiento espiritual [&hellip;]<\/p>\n","protected":false},"author":1,"featured_media":0,"parent":0,"menu_order":0,"comment_status":"closed","ping_status":"closed","template":"no-title","meta":{"give_campaign_id":0,"footnotes":""},"class_list":["post-29","page","type-page","status-publish","hentry"],"aioseo_notices":[],"campaignId":"","jetpack_sharing_enabled":true,"_links":{"self":[{"href":"https:\/\/www.retenedlobueno.org\/en\/wp-json\/wp\/v2\/pages\/29","targetHints":{"allow":["GET"]}}],"collection":[{"href":"https:\/\/www.retenedlobueno.org\/en\/wp-json\/wp\/v2\/pages"}],"about":[{"href":"https:\/\/www.retenedlobueno.org\/en\/wp-json\/wp\/v2\/types\/page"}],"author":[{"embeddable":true,"href":"https:\/\/www.retenedlobueno.org\/en\/wp-json\/wp\/v2\/users\/1"}],"replies":[{"embeddable":true,"href":"https:\/\/www.retenedlobueno.org\/en\/wp-json\/wp\/v2\/comments?post=29"}],"version-history":[{"count":7,"href":"https:\/\/www.retenedlobueno.org\/en\/wp-json\/wp\/v2\/pages\/29\/revisions"}],"predecessor-version":[{"id":126,"href":"https:\/\/www.retenedlobueno.org\/en\/wp-json\/wp\/v2\/pages\/29\/revisions\/126"}],"wp:attachment":[{"href":"https:\/\/www.retenedlobueno.org\/en\/wp-json\/wp\/v2\/media?parent=29"}],"curies":[{"name":"wp","href":"https:\/\/api.w.org\/{rel}","templated":true}]}}