{"id":98,"date":"2022-02-17T12:26:00","date_gmt":"2022-02-17T16:26:00","guid":{"rendered":"https:\/\/www.retenedlobueno.org\/?page_id=98"},"modified":"2026-02-17T12:40:16","modified_gmt":"2026-02-17T16:40:16","slug":"nosotros","status":"publish","type":"page","link":"https:\/\/www.retenedlobueno.org\/en\/nosotros\/","title":{"rendered":"Nosotros"},"content":{"rendered":"<div class=\"wp-block-columns is-layout-flex wp-container-core-columns-is-layout-28f84493 wp-block-columns-is-layout-flex\">\n<div class=\"wp-block-column is-layout-flow wp-block-column-is-layout-flow\">\n<p>Escrib\u00ed este texto en 2002, y a\u00fan sigue siendo mi manera de pensar y sentir al respecto. En su momento se aplic\u00f3 a nuestra p\u00e1gina original Retenedlobueno.com, hoy lo hago con la actual y con cada una de nuestras redes sociales. Por favor, le invito a tomarse el tiempo para leer esto:<\/p>\n\n\n\n<hr class=\"wp-block-separator has-alpha-channel-opacity\"\/>\n\n\n\n<p>\u00abExaminadlo todo\u00bb, es una de las exhortaciones que hizo Pablo a los hermanos de Tesal\u00f3nica en su primera carta; la Biblia es la \u00fanica fuente de autoridad divina como Palabra de Dios para el verdadero creyente, pero en aquellos d\u00edas no estaba completo el canon de las Sagradas Escrituras.<\/p>\n\n\n\n<p>Examinar todo lo que dijera ser Palabra de Dios no era una recomendaci\u00f3n, era una necesidad, Pablo sab\u00eda los peligros que corr\u00edan los creyentes en aquellos d\u00edas cuando la ciza\u00f1a de los falsos creyentes comenzaba a meterse en la iglesia (Hch 20:29-30). Aunque hoy tenemos la Biblia completa, y con una disponibilidad abundante en nuestro idioma, no es raro ver a tantos creyentes consultando inmensas cantidades de material escrito sobre el contenido de la Biblia, por eso\u00a0esta exhortaci\u00f3n del ap\u00f3stol nos alcanza con la misma intensidad y firmeza.<\/p>\n\n\n\n<p>Parece que en aquellos tiempos (en los cuales era tan dif\u00edcil conseguir una copia de las Sagradas Escrituras) era cuando m\u00e1s se reten\u00eda de ella (Ap 3:8). Hoy d\u00eda disfrutamos de la Biblia completa, pero la estudiamos con menos: con menos tiempo, con menos calidad y con menosprecio.<\/p>\n\n\n\n<p>Estamos en tiempos como los del joven Samuel, cuando \u00abla palabra de Jehov\u00e1 escaseaba en aquellos d\u00edas\u00bb (1\u00b0 Sam 3:1) y de finales de los Jueces cuando \u00ab<em>cada uno hac\u00eda lo que bien le parec\u00eda<\/em>\u00ab, pues gran cantidad de literatura sin un verdadero fundamento b\u00edblico se est\u00e1 vendiendo en las librer\u00edas cristianas.<\/p>\n\n\n\n<p>La literatura cristiana se ha convertido en cosa secular que puede ocupar un estante m\u00e1s de las librer\u00edas y tiendas, hay cada vez menos Biblias de verdad y cada vez m\u00e1s Biblias acorde a los gustos de cada quien: la del ni\u00f1o, de la ni\u00f1a, del adolescente, del joven, de la joven, del hombre o de la mujer, Biblia de los quince a\u00f1os, de la tercera edad\u2026 \u00bfAcaso la Biblia no es la misma? \u00bfNo es una sola la Escritura inspirada por Dios? Con temor decimos que el evangelio se est\u00e1 comercializando y no expandi\u00e9ndose; vulgariz\u00e1ndose y no populariz\u00e1ndose.<\/p>\n\n\n\n<p>Muchos creyentes est\u00e1n dejando a un lado el estudio de la Biblia como fuente principal para avocarse a la lectura de esa literatura, que no es m\u00e1s que veneno sat\u00e1nico de metaf\u00edsica, autoayuda y \u00abcrecimiento econ\u00f3mico\u00bb, presentado en forma de comentarios, diccionarios, enciclopedias y libros de \u00abreconocidos y afamados hombres y mujeres espirituales\u00bb, son hombres y mujeres que \u00ab<em>habiendo conocido a Dios, no le glorificaron como a Dios, ni le dieron gracias, sino que se envanecieron en sus razonamientos, y su necio coraz\u00f3n fue entenebrecido. Profesando ser sabios, se hicieron necios<\/em>\u00bb (Romanos 1:21-22); se pasan m\u00e1s tiempo en la lectura de estos productos elaborados que en la lectura de la Biblia. No es que estemos desde\u00f1ando todos los escritos (ya que gracias al Se\u00f1or hay suficientes de verdadero contenido basado en la Biblia y con verdadera autoridad espiritual), sino que estamos en los tiempos que comienzan a asomar las falsas doctrinas y f\u00e1bulas enga\u00f1osas (2<sup>a<\/sup>&nbsp;Tim 4:3-4) que solo traen la ruina espiritual.<\/p>\n\n\n\n<p>Es a esto lo que creemos se refiere el ap\u00f3stol, la Biblia siempre nos ha de ense\u00f1ar algo bueno porque es el instrumento dado por Dios para hacer \u00ab<em>que el hombre de Dios sea perfecto, enteramente preparado para toda buena obra.<\/em>\u00bb (2\u00aa Tim 3:16-17), hoy en d\u00eda a esos escritos que dicen ser \u00abderivados\u00bb de la Biblia debemos examinarlos todo y \u00ab<em>retened lo bueno<\/em>\u00ab.<\/p>\n\n\n\n<p>La frase \u00ab<em>Examinadlo todo<\/em>\u00ab, no es una cosa vana y superficial, requiere un minucioso y concienzudo examen de lo que se esta leyendo, cotejar si est\u00e1 conforme o no con la Palabra de Dios, no es detenernos y pensar \u00aboh, que palabras tan bonitas\u00bb y \u00ab\u00a1Cu\u00e1nto me gusta lo que est\u00e1 escrito aqu\u00ed!\u00bb, se trata de evaluar un contenido y Biblia en mano (y en nuestra mente y coraz\u00f3n) escudri\u00f1ar si lo que estamos leyendo est\u00e1 conforme a lo que dice Dios en su palabra.<\/p>\n\n\n\n<p>No creemos que est\u00e1 de m\u00e1s decir que examinarlo todo no significa perder el tiempo en cosas vanas o filosof\u00edas huecas que no son de provecho y crecimiento espiritual del creyente sino para divisi\u00f3n y contiendas (1\u00aa Tim 1:3-4; 2\u00aa Tim 2:15-16, 23). Debemos saber desde un principio qu\u00e9 es y qu\u00e9 no es el verdadero alimento del alma.<\/p>\n\n\n\n<p>\u00ab<em>Retened lo bueno<\/em>\u00ab, implica una diferenciaci\u00f3n de lo que es bueno o malo en contraste con la Palabra de Dios y la \u00fanica forma de saber que est\u00e1 de acuerdo con la voluntad de Dios es conoci\u00e9ndole a \u00e9l a trav\u00e9s de la Biblia, Pablo le encomend\u00f3 a Timoteo ocuparse en la lectura (1\u00aa Tim 4:13) y luego le reconoce el provecho de su aprendizaje de la Palabra de Dios (2\u00aa Tim 3:14-17).<\/p>\n\n\n\n<p>En un banco no le ense\u00f1an al cajero a reconocer los billetes falsos, las t\u00e9cnicas de falsificaci\u00f3n siempre cambian y siempre hay falsificaciones nuevas, a un cajero le ense\u00f1an a reconocer un billete verdadero, de modo que cuando vea algo diferente en un billete, sabr\u00e1 reconocer que es falso porque conoce muy bien los verdaderos. As\u00ed es el creyente: mientras m\u00e1s tiempo pasemos en lectura b\u00edblica y oraci\u00f3n m\u00e1s conoceremos la voluntad de Aquel \u00ab<em>que nos am\u00f3, y nos lav\u00f3 de nuestros pecados con su sangre<\/em>\u00bb (Ap 1:5) y reconoceremos las ense\u00f1anzas buenas de las malas, pero recordemos que esto requiere objetividad y responsabilidad delante del Se\u00f1or, de que aunque el contenido nos hiera o toque alguna fibra de nuestra condici\u00f3n carnal, tenemos que retenerlo porque el Se\u00f1or nos est\u00e1 hablando a trav\u00e9s de eso.<\/p>\n\n\n\n<p>Tambi\u00e9n hay que reconocer que este vers\u00edculo es inseparable del siguiente \u00ab<em>Absteneos de toda especie de mal<\/em>\u00bb (1<sup>a<\/sup>&nbsp;Tes 5:22), nuestro examen de todo debe estar alejado de toda especie de mal, por muy sutil que sea, debemos reconocer que \u00ab<em>el misterio de la iniquidad<\/em>\u00bb ya est\u00e1 presente (2\u00aa Tes 2:7) y acech\u00e1ndonos, por lo que debemos ser cuidadosos.<\/p>\n\n\n\n<p>Para colaborar en este sentido, esta p\u00e1gina intenta ofrecer un contenido que consideramos doctrinalmente acorde a las ense\u00f1anzas b\u00edblicas en medio de un mundo \u00abcristiano\u00bb cada vez m\u00e1s alejado de la Palabra de Dios, y cada vez m\u00e1s cerca del \u00abdios de este siglo\u00bb. Sabemos que ni todo el contenido de este sitio ni la gran cantidad de literatura cristiana editada en estos 21 siglos sustituye en ninguna manera el incalculable valor de contenido de la Biblia, simplemente por el hecho de ser \u00e9sta la PALABRA DE DIOS. Contra esto no podemos competir pero esperamos ser de ayuda para el estudio maravilloso de la Palabra de Dios.<\/p>\n\n\n\n<p>Aunque nos esforzamos en transmitir un contenido con basamento b\u00edblico y sin ligereza de ning\u00fan sentido, como humanos no escapamos a la posibilidad de alg\u00fan error o equivocaci\u00f3n, por eso agradecemos la interactividad de nuestros visitantes y estamos abiertos a comentarios y correcciones que tengan un amplio fundamento b\u00edblico, a trav\u00e9s de nuestros emails.<\/p>\n\n\n\n<p>Esperando que este prop\u00f3sito en el Se\u00f1or sea de provecho en todos los sentidos para su pueblo y sea para la honra y gloria de Nuestro Se\u00f1or Jesucristo. Se despide. El equipo de&nbsp;<strong>Retened lo bueno<\/strong>.<\/p>\n\n\n\n<hr class=\"wp-block-separator has-alpha-channel-opacity\"\/>\n\n\n\n<p>Muchas gracias y espero que el contenido sea para la gloria de nuestro amado Salvador y edificante para su pueblo.<\/p>\n\n\n\n<p>Atentamente,<\/p>\n\n\n\n<p>David Alexander Garrido Michalczuk<\/p>\n<\/div>\n<\/div>","protected":false},"excerpt":{"rendered":"<p>Escrib\u00ed este texto en 2002, y a\u00fan sigue siendo mi manera de pensar y sentir al respecto. En su momento se aplic\u00f3 a nuestra p\u00e1gina original Retenedlobueno.com, hoy lo hago con la actual y con cada una de nuestras redes sociales. Por favor, le invito a tomarse el tiempo para leer esto: \u00abExaminadlo todo\u00bb, es [&hellip;]<\/p>\n","protected":false},"author":1,"featured_media":84,"parent":0,"menu_order":0,"comment_status":"closed","ping_status":"closed","template":"page-with-title","meta":{"give_campaign_id":0,"footnotes":""},"class_list":["post-98","page","type-page","status-publish","has-post-thumbnail","hentry"],"aioseo_notices":[],"campaignId":"","jetpack_sharing_enabled":true,"_links":{"self":[{"href":"https:\/\/www.retenedlobueno.org\/en\/wp-json\/wp\/v2\/pages\/98","targetHints":{"allow":["GET"]}}],"collection":[{"href":"https:\/\/www.retenedlobueno.org\/en\/wp-json\/wp\/v2\/pages"}],"about":[{"href":"https:\/\/www.retenedlobueno.org\/en\/wp-json\/wp\/v2\/types\/page"}],"author":[{"embeddable":true,"href":"https:\/\/www.retenedlobueno.org\/en\/wp-json\/wp\/v2\/users\/1"}],"replies":[{"embeddable":true,"href":"https:\/\/www.retenedlobueno.org\/en\/wp-json\/wp\/v2\/comments?post=98"}],"version-history":[{"count":1,"href":"https:\/\/www.retenedlobueno.org\/en\/wp-json\/wp\/v2\/pages\/98\/revisions"}],"predecessor-version":[{"id":99,"href":"https:\/\/www.retenedlobueno.org\/en\/wp-json\/wp\/v2\/pages\/98\/revisions\/99"}],"wp:featuredmedia":[{"embeddable":true,"href":"https:\/\/www.retenedlobueno.org\/en\/wp-json\/wp\/v2\/media\/84"}],"wp:attachment":[{"href":"https:\/\/www.retenedlobueno.org\/en\/wp-json\/wp\/v2\/media?parent=98"}],"curies":[{"name":"wp","href":"https:\/\/api.w.org\/{rel}","templated":true}]}}